{"id":3,"date":"2025-01-23T19:28:05","date_gmt":"2025-01-23T19:28:05","guid":{"rendered":"http:\/\/carolconceptart.pl\/?page_id=3"},"modified":"2026-03-15T15:35:01","modified_gmt":"2026-03-15T14:35:01","slug":"regulamin-i-polityka-prywatnosci","status":"publish","type":"page","link":"https:\/\/carolconceptart.pl\/?page_id=3","title":{"rendered":"Regulamin i Polityka Prywatno\u015bci"},"content":{"rendered":"\t\t<div data-elementor-type=\"wp-page\" data-elementor-id=\"3\" class=\"elementor elementor-3\">\n\t\t\t\t<div class=\"elementor-element elementor-element-4191e8c0 e-flex e-con-boxed e-con e-parent\" data-id=\"4191e8c0\" data-element_type=\"container\" data-e-type=\"container\" data-settings=\"{&quot;background_background&quot;:&quot;gradient&quot;}\">\n\t\t\t\t\t<div class=\"e-con-inner\">\n\t\t\t\t<div class=\"elementor-element elementor-element-acfa744 elementor-widget elementor-widget-text-editor\" data-id=\"acfa744\" data-element_type=\"widget\" data-e-type=\"widget\" data-widget_type=\"text-editor.default\">\n\t\t\t\t<div class=\"elementor-widget-container\">\n\t\t\t\t\t\t\t\t\t<h6>Regulamin sprzeda\u017cy w portalu carolconceptart.pl<\/h6><p class=\"wp-block-heading\"><strong>\u00a7 1 Definicje<\/strong> <br \/>Okre\u015blenia u\u017cyte w regulaminie oznaczaj\u0105: <br \/><strong>1.<\/strong> <em><strong>Regulamin<\/strong><\/em> \u2013 niniejszy regulamin sprzeda\u017cy Bilet\u00f3w w Portalu. <br \/><strong>2.<\/strong> <strong><em>Portal<\/em><\/strong> \u2013 portal dzia\u0142aj\u0105cy pod domen\u0105\u00a0<a href=\"https:\/\/carolconceptart.pl\/\">carolconceptart.pl<\/a>, prowadzony przez Operatora. <br \/><strong>3.<\/strong> <strong><em>Operator<\/em><\/strong> \u2013 Carol Concept Art. Karol Szabucki, ul. mjr. M. S\u0142abego 15\/11, 80-298 Gda\u0144sk, NIP: 5891986866, REGON: 382550730.<br \/><strong>4. <em>Wydarzenie<\/em><\/strong> \u2013 koncert, spektakl lub ka\u017cde inne wydarzenie o charakterze kulturalnym, rozrywkowym lub sportowym organizowane przez Organizatora, na kt\u00f3re Bilety dost\u0119pne s\u0105 za po\u015brednictwem Portalu. <br \/><strong>6.<\/strong> <em><strong>Organizator<\/strong><\/em> \u2013 Carol Concept Art. Karol Szabucki, ul. mjr. M. S\u0142abego 15\/11, 80-298 Gda\u0144sk, NIP: 5891986866, REGON: 382550730.<br \/><strong>7.<\/strong> <em><strong>Klient<\/strong><\/em> \u2013 osoba lub podmiot dokonuj\u0105ca Rezerwacji Bilet\u00f3w w Portalu. <br \/><strong>8.<\/strong> <em><strong>Rezerwacja<\/strong><\/em> \u2013 us\u0142uga polegaj\u0105ca na czasowym zablokowaniu wskazany przez Klienta miejsc na Wydarzenie z okre\u015bleniem sposobu i dostarczenia wraz z informacj\u0105 o statusie zam\u00f3wienia. <br \/><strong>9.<\/strong> <em><strong>Bilet PDF<\/strong><\/em> \u2013 bilet na Wydarzenie w formie elektronicznej (plik w formacie PDF). <br \/><strong>10.<\/strong> <em><strong>Bilet<\/strong><\/em> \u2013 Bilet PDF upowa\u017cniaj\u0105cy Klienta do uczestnictwa w Wydarzeniu, kt\u00f3rego dany bilet dotyczy. <br \/><strong>11.<\/strong> <em><strong>Op\u0142ata Serwisowa<\/strong><\/em> \u2013 op\u0142ata nale\u017cna Operatorowi z tytu\u0142u \u015bwiadczenia us\u0142ug zwi\u0105zany ze sprzeda\u017c\u0105 prowadzon\u0105 za po\u015brednictwem Portalu w tym w szczeg\u00f3lno\u015bci w zwi\u0105zku us\u0142ug\u0105 Rezerwacji, udost\u0119pnieniem Portalu dla Klienta. Op\u0142ata serwisowa w szczeg\u00f3lno\u015bci pokrywa koszty Operatora zwi\u0105zane z utrzymaniem system\u00f3w informatycznych zapewniaj\u0105cy mo\u017cliwo\u015b\u0107 korzystania z portalu, obs\u0142ug\u0105 Rezerwacji, udost\u0119pnienia Bilet\u00f3w, wynagrodzeniem personelu obs\u0142uguj\u0105cego zam\u00f3wienia itp. <br \/><strong>12.<\/strong> <strong><em>Newsletter<\/em><\/strong> \u2013 us\u0142uga okresowego przekazywania informacji drog\u0105 elektroniczn\u0105 \/ SMS o ofertach Wydarze\u0144 i promocja na podstawie podany przez Klienta danych<br \/><strong>13.<\/strong> <em><strong>UPK<\/strong><\/em> \u2013 ustawa z dnia 30 maja 2014 r. o prawa konsumenta (Dz. U. poz. 827 ze zm.). <br \/><strong>14. <em>RODO<\/em><\/strong> &#8211; ROZPORZ\u0104DZENIE PARLAMENTU EUROPEJSKIEGO I RADY (UE) 2016\/679 z dnia 27 kwietnia 2016 r. w sprawie o strony os\u00f3b fizyczny w zwi\u0105zku z przetwarzaniem dany osobowy i w sprawie swobodnego przep\u0142ywu taki danych rozporz\u0105dzenie o ochronie danych) oraz uchylenia dyrektywy 95\/46\/WE (og\u00f3lne rozporz\u0105dzenie o ochronie danych)\u00a0<br \/><strong>15. <em>U\u015aUDE<\/em><\/strong> \u2013 Ustawa z dnia 18 lipca 2002 r. o \u015bwiadczeniu us\u0142ug drog\u0105 elektroniczn\u0105 (Dz. U. Nr 144, poz. 1204 ze zm.) <br \/><strong>16. <em>Rozporz\u0105dzenie<\/em><\/strong> \u2013 Rozporz\u0105dzenie Rady Ministr\u00f3w z dnia 6 maja 2021 r. w sprawie ustanowienia okre\u015blonych ogranicze\u0144, nakaz\u00f3w i zakaz\u00f3w w zwi\u0105zku z wyst\u0105pieniem stanu epidemii (Dz. U. poz. 861 ze zm.).<\/p><p class=\"wp-block-heading\"><strong>\u00a7 2 Zakres obowi\u0105zywania Regulaminu<\/strong> <br \/><strong>1.<\/strong> Regulamin dotyczy wszystkich Rezerwacji dokonanych za po\u015brednictwem Portalu. <br \/><strong>2.<\/strong> Dokonanie Rezerwacji je jednoznaczne z akceptacj\u0105 Regulaminu. <br \/><strong>3.<\/strong> Klient potwierdza zapoznanie si\u0119 z Regulaminem, poprzez oznaczenie odpowiedniego pola w Portalu podczas dokonywania Rezerwacji. <br \/><strong>4.<\/strong> Regulamin zosta\u0142 przygotowany zgodnie z art. 8 u . 1 pkt 1 U\u015aUDE oraz celem spe\u0142nienia obowi\u0105zk\u00f3w informacyjnych przedsi\u0119biorcy w umowach zawieranych poza lokalem przedsi\u0119biorstwa lub na odleg\u0142o\u015b\u0107, kt\u00f3re Operator jako przedsi\u0119biorca je zobowi\u0105zany przekaza\u0107 na podstawie art. 12 u . 1 UPK.<span style=\"font-style: inherit; font-weight: inherit; text-align: var(--text-align); background-color: transparent; color: var(--ast-global-color-3);\">\u00a0<\/span><\/p><p class=\"wp-block-heading\"><strong>\u00a7 3 Proces zakupu Bilet\u00f3w<\/strong> <br \/><strong>1.<\/strong> W celu dokonania Rezerwacji i zakupu Bilet\u00f3w Klient: <br \/><strong>a)<\/strong> dokonuje wyboru Wydarzenia z listy dost\u0119pnej w Portalu, <br \/><strong>b)<\/strong> dokonuje wyboru miejsc z dost\u0119pnych na dane Wydarzenie, je\u015bli dane Wydarzenie to przewiduje <br \/><strong>c)<\/strong> podaje swoje dane, tj. imi\u0119 i nazwisko, adres poczty elektronicznej i telefon kontaktowy, <br \/><strong>d)<\/strong> potwierdza zapoznanie si\u0119 z Regulaminem poprzez zaznaczenie pola wyboru, <br \/><strong>e)<\/strong> mo\u017ce wybra\u0107 opcj\u0119 dostarczania Newslettera poprzez zaznaczenie odpowiedniego pola wyboru <br \/><strong>f)<\/strong> nadaje has\u0142o niezb\u0119dne do wydrukowania Biletu PDF, <br \/><strong>g)<\/strong> wybiera spos\u00f3b p\u0142atno\u015bci z listy udost\u0119pnionej w Portalu, <br \/><strong>2.<\/strong> Przy ka\u017cdym zakupie Operator nalicza Op\u0142at\u0119 Serwisow\u0105 zwi\u0105zan\u0105 z Rezerwacj\u0105. O cenie biletu oraz o wysoko\u015bci op\u0142aty serwisowej Operator informuje Klienta przed dokonaniem przez Klienta <br \/>zakupu, w ten spos\u00f3b, \u017ce przed zatwierdzeniem Rezerwacji Klient widzi w Portalu podsumowanie z okre\u015blon\u0105 kwoty do zap\u0142aty z wyszczeg\u00f3lnieniem ceny biletu i op\u0142aty serwisowej. <br \/><strong>3.<\/strong> Klient akceptuje warunki Rezerwacji poprzez przycisk \u201eZam\u00f3wienie z obowi\u0105zkiem zap\u0142aty\u201d. <br \/><strong>4.<\/strong> Klient ponosi odpowiedzialno\u015b\u0107 za prawdziwo\u015b\u0107 i poprawno\u015b\u0107 dany , o kt\u00f3ry mowa w u . 1. pkt c, f <br \/><strong>5.<\/strong> Rezerwacja ma charakter czasowy i wa\u017cna je przez czas okre\u015blony w \u00a7 5 u . 6 poni\u017cej, kt\u00f3ry wynika z wybranej formy p\u0142atno\u015bci. <br \/><strong>6.<\/strong> Operator przesy\u0142a na adres poczty elektronicznej Klienta wskazany zgodnie z u . 1 lit. c) podsumowanie Rezerwacji oraz Regulamin. <br \/><strong>7.<\/strong> Klient dokonuje zap\u0142aty kwoty wynikaj\u0105cej z Rezerwacji zgodnie z wybran\u0105 przez siebie form\u0105 p\u0142atno\u015bci. <br \/><strong>8.<\/strong> Po otrzymaniu pe\u0142nej kwoty wynikaj\u0105cej z Rezerwacji Operator dostarcza Bilety zgodnie z \u00a7 6.<span style=\"font-style: inherit; font-weight: inherit; text-align: var(--text-align); background-color: transparent; color: var(--ast-global-color-3);\">\u00a0\u00a0<\/span><\/p><p class=\"wp-block-heading\"><strong>\u00a7 4 Forma Bilet\u00f3w<\/strong> <br \/><strong>1.<\/strong> Bilety na Wydarzenia s\u0105 dost\u0119pne w formie Bilet\u00f3w PDF. <br \/><strong>2.<\/strong> Klient zobowi\u0105zuje si\u0119 do zachowania w tajemnicy numeru rezerwacji, ustalonego samodzielnie has\u0142a niezb\u0119dnego do wydruku i nieudost\u0119pniania osobom trzecim pliku ani wydruku Biletu PDF, co za tym idzie zobowi\u0105zuje si\u0119 do ochrony biletu elektronicznego przed wszelkimi pr\u00f3bami kopiowania, skanowania i powielania.<\/p><p class=\"wp-block-heading\"><strong>\u00a7 5 Formy p\u0142atno\u015bci i termin wa\u017cno\u015bci Rezerwacji<\/strong> <br \/><strong>1.<\/strong> Operator oferuje nast\u0119puj\u0105ce formy p\u0142atno\u015bci za Bilety: <br \/><strong>a)<\/strong> przelew bankowy, <br \/><strong>b)<\/strong> p\u0142atno\u015b\u0107 internetowa (on-line) przelewem lub kart\u0105 p\u0142atnicz\u0105, <br \/><strong>2.<\/strong> Dost\u0119pne formy p\u0142atno\u015bci na dane Wydarzenie z ty okre\u015blony w u . 1 podane s\u0105 w trakcie dokonywania Rezerwacji. <br \/><strong>3.<\/strong> Nazwa podmiotu\/podmiot\u00f3w wsp\u00f3\u0142pracuj\u0105cy z Operatorem, o kt\u00f3ry mowa powy\u017cej znajduje si\u0119 w Portalu i widoczna jest dla Klienta podczas procesu zakupu Bilet\u00f3w. Niezb\u0119dne dla wykonania umowy jest przekazanie temu podmiotowi danych osobowych Klienta w zakresie: imi\u0119, nazwisko, email. <br \/><strong>4.<\/strong> Data i godzina wa\u017cno\u015bci Rezerwacji je maksymalnym punktem czasu, do kt\u00f3rego system Operatora oczekuje na potwierdzenie dokonania p\u0142atno\u015bci od operatora p\u0142atno\u015bci on-line lub na zaksi\u0119gowanie wp\u0142aty na rachunku bankowym Operatora. Termin ten je zale\u017cny zar\u00f3wno od czasu pozosta\u0142ego do rozpocz\u0119cia Wydarzenia, jak i od wybranej formy p\u0142atno\u015bci i jest ka\u017cdorazowo wskazywany w e-mailu z potwierdzeniem Rezerwacji. <br \/><strong>5.<\/strong> Je\u017celi w okresie wa\u017cno\u015bci Rezerwacji, o kt\u00f3rym mowa powy\u017cej, liczonym od momentu zaakceptowania Rezerwacji przez Klienta zgodnie z \u00a7 3, ca\u0142kowita nale\u017cno\u015b\u0107 wynikaj\u0105ca z Rezerwacji nie zostanie uiszczona, to nieop\u0142acona Rezerwacja je anulowana. W takim przypadku Operator nie ponosi odpowiedzialno\u015bci wobec Klienta za brak mo\u017cliwo\u015bci zakupu bilet\u00f3w na wybrane Wydarzenie lub brak bilet\u00f3w w wybranej przez niego pierwotnie cenie. <br \/><strong>6.<\/strong> Operator ma prawo do anulowania rezerwacji w nast\u0119puj\u0105cy przypadkach : <br \/><strong>a)<\/strong> wcze\u015bniejszego zako\u0144czenia sprzeda\u017cy bilet\u00f3w na dane Wydarzenie na wniosek Organizatora, <br \/><strong>b)<\/strong> istnienia innych rezerwacji tego samego Klienta, kt\u00f3re nie zosta\u0142y op\u0142acone. <br \/><strong>7.<\/strong> Dane osobowe Klienta s\u0105 przetwarzane w celu zawarcia umowy kupna-sprzeda\u017cy Bilet\u00f3w; zawarcie umowy z Klientem nast\u0119puje w momencie zap\u0142aty pe\u0142nej kwoty nale\u017cno\u015bci wynikaj\u0105cej z Rezerwacji. <br \/><strong>8.<\/strong> W przypadku wyboru opcji przelewu bankowego p\u0142atno\u015b\u0107 mo\u017ce by\u0107 dokonana jedynie na numer rachunku bankowego wskazany w potwierdzeniu Rezerwacji przes\u0142anej na adres poczty elektronicznej <br \/>Klienta wskazany zgodnie z \u00a7 3 u . 1 lit. c). <br \/><strong>9.<\/strong> Operator przyjmuje przelewy w walucie PLN. <br \/><strong>10.<\/strong> W przypadku p\u0142atno\u015bci w innej walucie lub p\u0142atno\u015bci w PLN z rachunku prowadzonego przez bank poza Polsk\u0105 Klient powinien wybra\u0107 opcj\u0119 podzia\u0142u koszt\u00f3w przelewu zagranicznego\/walutowego tak\u0105, aby pe\u0142na kwota nale\u017cno\u015bci zosta\u0142a zaksi\u0119gowana na rachunku Operatora. <br \/><strong>11.<\/strong> Je\u017celi Klient przeleje \u015brodki w zwi\u0105zku z Rezerwacj\u0105 w spos\u00f3b inny ni\u017c okre\u015blony w u . 11,12 i 13, Operator zwr\u00f3ci je na rachunek nadawcy\u2013Klienta odejmuj\u0105c od kwoty przelewu koszt realizacji takiej p\u0142atno\u015bci pobierany przez bank Operatora.<\/p><p class=\"wp-block-heading\"><strong>\u00a7 6 Formy i warunki dostarczenia Bilet\u00f3w<\/strong> <br \/><strong>1.<\/strong> Blankiety biletowe dostarczane s\u0105 poczt\u0105 elektroniczn\u0105 na adres poczty wskazany przez Klienta zgodnie z \u00a7 3 u . 1 lit. c) maksimum 1 dzie\u0144 roboczy od momentu otrzymania pe\u0142nej kwoty wynikaj\u0105cej z Rezerwacji zgodnie z \u00a7 5.<\/p><p class=\"wp-block-heading\"><strong>\u00a7 7 Odwo\u0142ane Wydarzenia i zwroty Bilet\u00f3w<\/strong> <br \/><strong>1.<\/strong> Zwroty Bilet\u00f3w mo\u017cliwe s\u0105 jedynie w przypadku: <br \/><strong>a)<\/strong> odwo\u0142ania Wydarzenia albo <br \/><strong>b)<\/strong> zmiany daty, miejsca lub znacz\u0105cej zmiany godziny Wydarzenia <br \/><strong>2.<\/strong> W przypadkach innych ni\u017c opisane w u . 1 zwroty Bilet\u00f3w nie s\u0105 mo\u017cliwe. <br \/><strong>3.<\/strong> W przypadku, o kt\u00f3rym mowa w u . 1 lit. b, Operator informuje Klienta o mo\u017cliwo\u015bci zwrotu Bilet\u00f3w albo utrzymaniu i wa\u017cno\u015bci na zmienione Wydarzenie. <br \/><strong>4.<\/strong> Klient podejmuje decyzj\u0119 w zakresie opisanym w u . 3 w terminie wskazanym przez Operatora w informacji o zmianie Wydarzenia. <br \/><strong>5.<\/strong> Brak decyzji Klienta, o kt\u00f3rej mowa w u . 4 powy\u017cej przed wskazanym terminem rozumiany je jako akceptacja zmienionego Wydarzenia i utrzymanie wa\u017cno\u015bci Bilet\u00f3w. <br \/><strong>6.<\/strong> W przypadku, o kt\u00f3rym mowa w u . 1 lit. a oraz w przypadku o kt\u00f3rym mowa w u . 1 b, gdy Klient dokona\u0142 wyboru zwrotu Bilet\u00f3w, Operator Portalu dokona zwrotu nale\u017cno\u015bci Klientowi niezw\u0142ocznie, <br \/>nie p\u00f3\u017aniej ni\u017c w terminie 10 dni roboczy , w taki sam spos\u00f3b w jaki Klient op\u0142aci\u0142 Rezerwacj\u0119.<\/p><p class=\"wp-block-heading\"><strong>\u00a7 8 Reklamacje<\/strong> <br \/><strong>1.<\/strong> Wszelkie reklamacje Klienta powinny by\u0107 przes\u0142ane na adres poczty elektronicznej <strong>sklep@carolconceptart.com<\/strong> jako wiadomo\u015b\u0107 zatytu\u0142owana \u201eReklamacja\u201d. <br \/><strong>2.<\/strong> Operator rozpatruje reklamacj\u0119 w terminie maksymalnie 14 dni roboczy i przesy\u0142a odpowied\u017a na reklamacj\u0119 drog\u0105 mailow\u0105, na adres Klienta, z kt\u00f3rego wys\u0142ana zosta\u0142a reklamacja. <br \/><strong>3.<\/strong> Je\u015bli reklamacja nie je zwi\u0105zana z Operatorem, Portalem lub jego dzia\u0142aniem a dotyczy Organizatora, Operator przekazuje tak\u0105 reklamacj\u0119 niezw\u0142ocznie do Organizatora, o czym informuje <br \/>Klienta. <br \/><strong>4.<\/strong> W przypadkach , o kt\u00f3ry mowa u . 3 lub spowodowanych si\u0142\u0105 wy\u017csz\u0105, termin rozpatrzenia reklamacji opisany w u . 2 powy\u017cej mo\u017ce by\u0107 wyd\u0142u\u017cony i zale\u017cy od Organizatora, a o wyd\u0142u\u017ceniu <br \/>czasu rozpatrywania reklamacji Klient zostanie niezw\u0142ocznie powiadomiony przez Operatora. <br \/><strong>5.<\/strong> Ewentualne zwroty i rekompensaty dla Klienta w wyniku pozytywnego rozpatrzenia reklamacji b\u0119d\u0105 dokonywane w terminie okre\u015blonym w \u00a7 8 u . 6. <br \/><strong>6.<\/strong> W przypadku negatywnego rozpatrzenia reklamacji przez Operatora, Klientowi przys\u0142uguje prawo do skorzystania z pozas\u0105dowych sposob\u00f3w rozwi\u0105zywania spor\u00f3w. Szczeg\u00f3\u0142owe informacje dotycz\u0105ce mo\u017cliwo\u015bci skorzystania z tej formy rozwi\u0105zywania spor\u00f3w znajduj\u0105 si\u0119 na stronie Urz\u0119du Ochrony Konkurencji i Konsument\u00f3w pod adresem www.uokik.gov.pl. <br \/><strong>7.<\/strong> Klient w celu polubownego rozwi\u0105zania sporu mo\u017ce tak\u017ce z\u0142o\u017cy\u0107 skarg\u0119 za po\u015brednictwem platformy internetowej ODR (Online Dispute Resolution), dost\u0119pnej pod adresem: http:\/\/ec.europa.eu\/consumers\/odr\/.<br \/><strong>8.<\/strong> Klient w celu polubownego rozwi\u0105zania sporu mo\u017ce tak\u017ce z\u0142o\u017cy\u0107 skarg\u0119 za po\u015brednictwem platformy internetowej ODR (Online Dispute Resolution), dost\u0119pnej pod adresem: http:\/\/ec.europa.eu\/consumers\/odr\/.<br \/><strong>9.<\/strong> Wszelkie spory zwi\u0105zane z us\u0142ugami \u015bwiadczonymi przez Operatora w ramach Portalu b\u0119d\u0105 w pierwszej kolejno\u015bci rozstrzygane na drodze polubownej, a je\u015bli strony nie dojd\u0105 do porozumienia sp\u00f3r poddany zostanie rozstrzygni\u0119ciu przez s\u0105d powszechny.<\/p><p class=\"wp-block-heading\"><strong>\u00a7 9 Warunki i wymagania techniczne dla \u015bwiadczenia us\u0142ug<\/strong> <br \/><strong>1.<\/strong> Do prawid\u0142owego korzystania z Portalu niezb\u0119dne je korzystanie z aktualny wersji przegl\u0105darek internetowy zgodny ze standardem HTML5 z w\u0142\u0105czon\u0105 obs\u0142ug\u0105 JavaScript oraz SSL.<\/p><p class=\"wp-block-heading\"><strong>\u00a7 10 Pozosta\u0142e postanowienia<\/strong> <br \/><strong>1.<\/strong> Operator nie ponosi odpowiedzialno\u015bci z tytu\u0142u szk\u00f3d spowodowanych dzia\u0142aniami lub zaniechaniami Klienta lub innych os\u00f3b, w szczeg\u00f3lno\u015bci za korzystanie przez nich z Portalu w spos\u00f3b niezgodny z obowi\u0105zuj\u0105cymi przepisami prawa lub Regulaminem. <br \/><strong>2.<\/strong> Operator nie ponosi odpowiedzialno\u015bci wobec Klienta za dzia\u0142ania Organizator\u00f3w, w szczeg\u00f3lno\u015bci za odwo\u0142ane lub op\u00f3\u017anione Wydarzenia, z zastrze\u017ceniem postanowie\u0144 \u00a7 8. <br \/><strong>3.<\/strong> Bilet, kt\u00f3ry je nieczytelny, zniszczony lub uszkodzony nie uprawnia Klienta do wst\u0119pu na Wydarzenie.<\/p><p class=\"wp-block-heading\"><strong>\u00a7 11 Ochrona danych osobowych &#8211; polityka prywatno\u015bci<\/strong> <br \/><strong>1.<\/strong> Administratorem danych osobowych Klienta je Operator \u2013 <strong>Carol Concept Art. Karol Szabucki<\/strong><br \/><strong>2.<\/strong> Klient mo\u017ce si\u0119 skontaktowa\u0107 z administratorem dany poprzez e-mail na adres: <strong>booking@carolconceptart.com<\/strong>. <br \/><strong>3.<\/strong> Klient mo\u017ce za\u017c\u0105da\u0107 dost\u0119pu do swoi danych osobowych celem i sprostowania, usuni\u0119cia, przeniesienia, ograniczenia przetwarzania lub mo\u017ce wnie\u015b\u0107 sprzeciw wobec ich dalszego przetwarzania.<br \/><strong>4.<\/strong> Dane osobowe, po wyga\u015bni\u0119ciu podstaw prawny do dalszego przetwarzania, ulegaj\u0105 anonimizacji. <br \/><strong>5.<\/strong> Okres przechowywania dany ustala si\u0119 zgodnie z celem us\u0142ug. <br \/><strong>6.<\/strong> Informacje dotycz\u0105ce danych osobowych przetwarzanych w procesie Rezerwacji, zakupu oraz dostawy Bilet\u00f3w: <br \/><strong>a)<\/strong> zakres przetwarzanych danych obejmuje imi\u0119, nazwisko, e-mail, telefon <br \/><strong>b)<\/strong> przetwarzanie je niezb\u0119dne do zawarcia i realizacji umowy zgodnie z art. 6 u . 1 lit. b) RODO, a po zrealizowaniu umowy dane s\u0105 przetwarzane na podstawie: art. 6 u . 1 lit. c w zwi\u0105zku z art. 18 u . 1 U\u015aUDE, art. 74 u . 2 pkt. 1 ustawy z dnia 29 wrze\u015bnia 1994 r. o rachunkowo\u015bci (Dz. U. Nr 121, poz. 591 ze zm.), art. 86 ustawy z dnia 29 sierpnia 1997 r. Ordynacja podatkowa (Dz.U. Nr 137, poz. 926 ze <br \/>zm.) oraz na podstawie art. 6 u . 1 lit. f) RODO w celu rozpatrywania i dochodzenia ewentualnych roszcze\u0144 lub reklamacji oraz w celach analitycznych i statystycznych, <br \/><strong>c)<\/strong> W przypadku, gdy Rezerwacja pozosta\u0142a nieop\u0142acona, Klient wyra\u017ca zgod\u0119 na przetwarzanie danych osobowych w celu zako\u0144czenia Rezerwacji do daty Wydarzenia albo do zako\u0144czenia procesu <br \/>reklamacyjnego, <br \/><strong>d)<\/strong> W przypadku dokonywania zap\u0142aty poprzez p\u0142atno\u015bci internetowe, niezb\u0119dne dla wykonania umowy je przekazanie danych: imi\u0119, nazwisko, e-mail do podmiotu \u015bwiadcz\u0105cego us\u0142ugi akceptacji p\u0142atno\u015bci kartami p\u0142atniczymi i\/lub przelew\u00f3w internetowych . <br \/><strong>e)<\/strong> W przypadku odwo\u0142ania Wydarzenia lub podzia\u0142u Wydarzenia niezb\u0119dne dla wykonania umowy jest przetwarzanie danych osobowych w zakresie: imi\u0119, nazwisko, e-mail, telefon dla kontaktu drog\u0105 email, SMS lub telefon i uzyskania od Klienta decyzji dot. zwrotu Bilet\u00f3w albo utrzymaniu ich wa\u017cno\u015bci na zmienione Wydarzenie zgodnie z postanowieniami \u00a7 8. <br \/><strong>7.<\/strong> Informacje dotycz\u0105ce danych osobowych przetwarzanych w celu jednorazowej oceny Wydarzenia: <br \/><strong>a)<\/strong> zakres przetwarzanych danych obejmuje e-mail podany przy dokonywaniu Rezerwacji, pseudonim jaki okre\u015bli\u0142 Klient podczas dokonywania oceny Wydarzenia oraz adres IP z kt\u00f3rego wys\u0142ano ocen\u0119. <br \/><strong>b)<\/strong> podstaw\u0105 prawn\u0105 przetwarzania jest uzasadniony interes realizowany przez Operatora zgodnie z art. 6 u . 1 lit. f) RODO <br \/><strong>8.<\/strong> Informacje dotycz\u0105ce danych osobowych przetwarzanych w celu powiadomie\u0144 SMS i e-mail do rezerwacji: <br \/><strong>a)<\/strong> zakres przetwarzanych danych obejmuje: imi\u0119, nazwisko, e-mail i numer telefonu kom\u00f3rkowego Klienta <br \/><strong>b)<\/strong> podstaw\u0105 prawn\u0105 przetwarzania danych jest uprzednia jednorazowa zgoda Klienta na otrzymanie SMS-\u00f3w z powiadomieniami: <br \/><strong>c)<\/strong> Bilet PDF je gotowy do pobrania, <br \/><strong>d)<\/strong> potwierdzenie dokonania p\u0142atno\u015bci, <br \/><strong>e)<\/strong> przypomnienie 24 h przed Wydarzeniem, <br \/><strong>f)<\/strong> odwo\u0142anie Wydarzenia.<\/p><p class=\"wp-block-heading\"><strong>\u00a7 12 Warunki i wymagania w zakresie bezpiecze\u0144stwa<\/strong><br \/><strong>epidemicznego<\/strong><br \/><strong>1.<\/strong> Wej\u015bcie na Wydarzenie je r\u00f3wnoznaczne z o\u015bwiadczeniem posiadacza Biletu, \u017ce wed\u0142ug jego najlepszej wiedzy, nie jest osob\u0105 zaka\u017con\u0105 oraz nie przebywa na kwarantannie lub pod nadzorem <br \/>epidemiologicznym. <br \/><strong>2.<\/strong> Posiadacz Biletu, przed wej\u015bciem na Wydarzenie ma obowi\u0105zek samodzielnego wyposa\u017cenia si\u0119 w materia\u0142y ochrony osobistej, w szczeg\u00f3lno\u015bci maseczki i \u015brodki do dezynfekcji r\u0105k.<\/p>\t\t\t\t\t\t\t\t<\/div>\n\t\t\t\t<\/div>\n\t\t\t\t\t<\/div>\n\t\t\t\t<\/div>\n\t\t\t\t<\/div>\n\t\t","protected":false},"excerpt":{"rendered":"<p>Regulamin sprzeda\u017cy w portalu carolconceptart.pl \u00a7 1 Definicje Okre\u015blenia u\u017cyte w regulaminie oznaczaj\u0105: 1. Regulamin \u2013 niniejszy regulamin sprzeda\u017cy Bilet\u00f3w w Portalu. 2. Portal \u2013 portal dzia\u0142aj\u0105cy pod domen\u0105\u00a0carolconceptart.pl, prowadzony przez Operatora. 3. Operator \u2013 Carol Concept Art. Karol Szabucki, ul. mjr. M. S\u0142abego 15\/11, 80-298 Gda\u0144sk, NIP: 5891986866, REGON: 382550730.4. Wydarzenie \u2013 koncert, spektakl [&hellip;]<\/p>\n","protected":false},"author":1,"featured_media":0,"parent":0,"menu_order":0,"comment_status":"closed","ping_status":"open","template":"","meta":{"site-sidebar-layout":"default","site-content-layout":"","ast-site-content-layout":"default","site-content-style":"default","site-sidebar-style":"default","ast-global-header-display":"","ast-banner-title-visibility":"","ast-main-header-display":"","ast-hfb-above-header-display":"","ast-hfb-below-header-display":"","ast-hfb-mobile-header-display":"","site-post-title":"","ast-breadcrumbs-content":"","ast-featured-img":"","footer-sml-layout":"","ast-disable-related-posts":"","theme-transparent-header-meta":"","adv-header-id-meta":"","stick-header-meta":"","header-above-stick-meta":"","header-main-stick-meta":"","header-below-stick-meta":"","astra-migrate-meta-layouts":"set","ast-page-background-enabled":"default","ast-page-background-meta":{"desktop":{"background-color":"","background-image":"","background-repeat":"repeat","background-position":"center center","background-size":"auto","background-attachment":"scroll","background-type":"","background-media":"","overlay-type":"","overlay-color":"","overlay-opacity":"","overlay-gradient":""},"tablet":{"background-color":"","background-image":"","background-repeat":"repeat","background-position":"center center","background-size":"auto","background-attachment":"scroll","background-type":"","background-media":"","overlay-type":"","overlay-color":"","overlay-opacity":"","overlay-gradient":""},"mobile":{"background-color":"","background-image":"","background-repeat":"repeat","background-position":"center center","background-size":"auto","background-attachment":"scroll","background-type":"","background-media":"","overlay-type":"","overlay-color":"","overlay-opacity":"","overlay-gradient":""}},"ast-content-background-meta":{"desktop":{"background-color":"var(--ast-global-color-5)","background-image":"","background-repeat":"repeat","background-position":"center center","background-size":"auto","background-attachment":"scroll","background-type":"","background-media":"","overlay-type":"","overlay-color":"","overlay-opacity":"","overlay-gradient":""},"tablet":{"background-color":"var(--ast-global-color-5)","background-image":"","background-repeat":"repeat","background-position":"center center","background-size":"auto","background-attachment":"scroll","background-type":"","background-media":"","overlay-type":"","overlay-color":"","overlay-opacity":"","overlay-gradient":""},"mobile":{"background-color":"var(--ast-global-color-5)","background-image":"","background-repeat":"repeat","background-position":"center center","background-size":"auto","background-attachment":"scroll","background-type":"","background-media":"","overlay-type":"","overlay-color":"","overlay-opacity":"","overlay-gradient":""}},"footnotes":""},"class_list":["post-3","page","type-page","status-publish","hentry"],"_links":{"self":[{"href":"https:\/\/carolconceptart.pl\/index.php?rest_route=\/wp\/v2\/pages\/3","targetHints":{"allow":["GET"]}}],"collection":[{"href":"https:\/\/carolconceptart.pl\/index.php?rest_route=\/wp\/v2\/pages"}],"about":[{"href":"https:\/\/carolconceptart.pl\/index.php?rest_route=\/wp\/v2\/types\/page"}],"author":[{"embeddable":true,"href":"https:\/\/carolconceptart.pl\/index.php?rest_route=\/wp\/v2\/users\/1"}],"replies":[{"embeddable":true,"href":"https:\/\/carolconceptart.pl\/index.php?rest_route=%2Fwp%2Fv2%2Fcomments&post=3"}],"version-history":[{"count":49,"href":"https:\/\/carolconceptart.pl\/index.php?rest_route=\/wp\/v2\/pages\/3\/revisions"}],"predecessor-version":[{"id":1911,"href":"https:\/\/carolconceptart.pl\/index.php?rest_route=\/wp\/v2\/pages\/3\/revisions\/1911"}],"wp:attachment":[{"href":"https:\/\/carolconceptart.pl\/index.php?rest_route=%2Fwp%2Fv2%2Fmedia&parent=3"}],"curies":[{"name":"wp","href":"https:\/\/api.w.org\/{rel}","templated":true}]}}